{"id":250,"date":"2026-01-18T18:08:39","date_gmt":"2026-01-18T18:08:39","guid":{"rendered":"https:\/\/entoecologiainsectos.com\/?page_id=250"},"modified":"2026-02-08T02:41:29","modified_gmt":"2026-02-08T02:41:29","slug":"contacto","status":"publish","type":"page","link":"https:\/\/entoecologiainsectos.com\/fr\/contacto\/","title":{"rendered":"Contact"},"content":{"rendered":"\t\t<div data-elementor-type=\"wp-page\" data-elementor-id=\"250\" class=\"elementor elementor-250\" data-elementor-post-type=\"page\">\n\t\t\t\t<div class=\"elementor-element elementor-element-199b32d animated-slow e-flex e-con-boxed elementor-invisible e-con e-parent\" data-id=\"199b32d\" data-element_type=\"container\" data-e-type=\"container\" data-settings=\"{&quot;jet_parallax_layout_list&quot;:[],&quot;animation&quot;:&quot;fadeIn&quot;}\">\n\t\t\t\t\t<div class=\"e-con-inner\">\n\t\t<div class=\"elementor-element elementor-element-c2dcf22 e-con-full e-flex e-con e-child\" data-id=\"c2dcf22\" data-element_type=\"container\" data-e-type=\"container\" data-settings=\"{&quot;background_background&quot;:&quot;classic&quot;,&quot;jet_parallax_layout_list&quot;:[]}\">\n\t\t<div class=\"elementor-element elementor-element-f823d65 e-con-full e-flex e-con e-child\" data-id=\"f823d65\" data-element_type=\"container\" data-e-type=\"container\" data-settings=\"{&quot;jet_parallax_layout_list&quot;:[]}\">\n\t\t\t\t<div class=\"elementor-element elementor-element-400b52d elementor-widget elementor-widget-heading\" data-id=\"400b52d\" data-element_type=\"widget\" data-e-type=\"widget\" data-widget_type=\"heading.default\">\n\t\t\t\t\t<h1 class=\"elementor-heading-title elementor-size-default\">Contacto<\/h1>\t\t\t\t<\/div>\n\t\t\t\t<\/div>\n\t\t\t\t<\/div>\n\t\t\t\t\t<\/div>\n\t\t\t\t<\/div>\n\t\t<div class=\"elementor-element elementor-element-c622a6b animated-slow e-flex e-con-boxed elementor-invisible e-con e-parent\" data-id=\"c622a6b\" data-element_type=\"container\" data-e-type=\"container\" data-settings=\"{&quot;background_background&quot;:&quot;classic&quot;,&quot;jet_parallax_layout_list&quot;:[],&quot;animation&quot;:&quot;fadeIn&quot;}\">\n\t\t\t\t\t<div class=\"e-con-inner\">\n\t\t<div class=\"elementor-element elementor-element-f46af1e e-con-full e-flex e-con e-child\" data-id=\"f46af1e\" data-element_type=\"container\" data-e-type=\"container\" data-settings=\"{&quot;background_background&quot;:&quot;classic&quot;,&quot;jet_parallax_layout_list&quot;:[]}\">\n\t\t<div class=\"elementor-element elementor-element-5e1b16a e-con-full e-flex e-con e-child\" data-id=\"5e1b16a\" data-element_type=\"container\" data-e-type=\"container\" data-settings=\"{&quot;background_background&quot;:&quot;classic&quot;,&quot;jet_parallax_layout_list&quot;:[]}\">\n\t\t\t\t<div class=\"elementor-element elementor-element-c57ffa3 elementor-widget elementor-widget-heading\" data-id=\"c57ffa3\" data-element_type=\"widget\" data-e-type=\"widget\" data-widget_type=\"heading.default\">\n\t\t\t\t\t<h3 class=\"elementor-heading-title elementor-size-default\">Escr\u00edbeme<\/h3>\t\t\t\t<\/div>\n\t\t\t\t<div class=\"elementor-element elementor-element-31201f1 elementor-widget elementor-widget-heading\" data-id=\"31201f1\" data-element_type=\"widget\" data-e-type=\"widget\" data-widget_type=\"heading.default\">\n\t\t\t\t\t<h5 class=\"elementor-heading-title elementor-size-default\">chiribogaxavier@gmail.com<\/h5>\t\t\t\t<\/div>\n\t\t\t\t<\/div>\n\t\t<div class=\"elementor-element elementor-element-70fdafe e-con-full e-flex e-con e-child\" data-id=\"70fdafe\" data-element_type=\"container\" data-e-type=\"container\" data-settings=\"{&quot;background_background&quot;:&quot;classic&quot;,&quot;jet_parallax_layout_list&quot;:[]}\">\n\t\t\t\t<div class=\"elementor-element elementor-element-72b661f elementor-widget elementor-widget-heading\" data-id=\"72b661f\" data-element_type=\"widget\" data-e-type=\"widget\" data-widget_type=\"heading.default\">\n\t\t\t\t\t<h3 class=\"elementor-heading-title elementor-size-default\">S\u00edgueme<\/h3>\t\t\t\t<\/div>\n\t\t\t\t<div class=\"elementor-element elementor-element-820864d elementor-shape-rounded elementor-grid-0 e-grid-align-center elementor-widget elementor-widget-social-icons\" data-id=\"820864d\" data-element_type=\"widget\" data-e-type=\"widget\" data-widget_type=\"social-icons.default\">\n\t\t\t\t\t\t\t<div class=\"elementor-social-icons-wrapper elementor-grid\" role=\"list\">\n\t\t\t\t\t\t\t<span class=\"elementor-grid-item\" role=\"listitem\">\n\t\t\t\t\t<a class=\"elementor-icon elementor-social-icon elementor-social-icon-linkedin elementor-animation-grow elementor-repeater-item-be45bd8\" href=\"https:\/\/www.linkedin.com\/in\/xavier-chiriboga-morales-b28b0b9\/\" target=\"_blank\">\n\t\t\t\t\t\t<span class=\"elementor-screen-only\">Linkedin<\/span>\n\t\t\t\t\t\t<svg aria-hidden=\"true\" class=\"e-font-icon-svg e-fab-linkedin\" viewBox=\"0 0 448 512\" xmlns=\"http:\/\/www.w3.org\/2000\/svg\"><path d=\"M416 32H31.9C14.3 32 0 46.5 0 64.3v383.4C0 465.5 14.3 480 31.9 480H416c17.6 0 32-14.5 32-32.3V64.3c0-17.8-14.4-32.3-32-32.3zM135.4 416H69V202.2h66.5V416zm-33.2-243c-21.3 0-38.5-17.3-38.5-38.5S80.9 96 102.2 96c21.2 0 38.5 17.3 38.5 38.5 0 21.3-17.2 38.5-38.5 38.5zm282.1 243h-66.4V312c0-24.8-.5-56.7-34.5-56.7-34.6 0-39.9 27-39.9 54.9V416h-66.4V202.2h63.7v29.2h.9c8.9-16.8 30.6-34.5 62.9-34.5 67.2 0 79.7 44.3 79.7 101.9V416z\"><\/path><\/svg>\t\t\t\t\t<\/a>\n\t\t\t\t<\/span>\n\t\t\t\t\t\t\t<span class=\"elementor-grid-item\" role=\"listitem\">\n\t\t\t\t\t<a class=\"elementor-icon elementor-social-icon elementor-social-icon- elementor-animation-grow elementor-repeater-item-6478687\" href=\"https:\/\/www.researchgate.net\/profile\/Xavier-Chiriboga-Morales?ev=hdr_xprf\" target=\"_blank\">\n\t\t\t\t\t\t<span class=\"elementor-screen-only\"><\/span>\n\t\t\t\t\t\t<svg xmlns=\"http:\/\/www.w3.org\/2000\/svg\" id=\"Capa_1\" viewBox=\"0 0 500 500\"><path d=\"M346.82,500h-34.53c-30.25-8.05-50.96-17.53-71.31-44.95-30.27-40.79-56.7-81.53-81.88-126.4l-45.88-.44-.28,88.74c-.04,13.21.74,26.58,3.52,39.01s12.82,17.26,24.02,18.57l27.86,3.28-.4,16.8c-49.94-1.88-96.54-1.25-146.46.08-.97-5.1-1.1-11.3-.53-16.73l23.68-4.42c18.28-3.41,22.62-21.2,22.62-38.58v-248.66c0-18.57-3.6-36.29-22.46-40.32l-23.21-4.96c-1.43-4.85-1.42-11.51-.04-16.63,48.04.98,93.56.28,141.13-1.36,62.8-2.17,126.39,21.94,128.86,93.45,1.67,48.49-35.34,92.45-83.42,105.94,26.49,47.73,57.75,90.25,93.48,129.86,10.75,11.92,35.76,28.42,53.89,27.76.99,4.85,1.19,12.04.05,15.52l-8.72,4.43ZM231.81,262.37c14.21-26.91,11.8-57.65-2.32-83.14-25.79-36.49-75.93-30.7-116.4-28.14l-.05,148.69c42.09,4.1,95.35,6.95,118.76-37.41Z\"><\/path><path d=\"M411.91,121.52c-.78-8.66-.83-16.05.38-24.81l68.18.06c3.02,46.94.51,97.89-55.53,108.84-22,4.3-50.85-.03-66.92-15.86-9.75-9.6-17.83-22.85-20-37.17-4.96-32.77-5.48-66,.62-98.06,5.21-27.38,25.44-45.33,51.61-51.08,32.83-7.22,73.7,6.15,84.98,40.96l-26.62,10.6c-8.92-19.99-26.56-30.66-46.19-27.64-19.85,3.06-34.06,19.77-35.95,40.82-2.05,22.89-2.06,45.6-.43,68.66.69,9.75,3.16,20.24,9.36,27.98,15.93,19.88,48.07,20.75,64.67,1.19,10.34-12.19,11.69-29.02,9.81-44.16l-37.98-.32Z\"><\/path><\/svg>\t\t\t\t\t<\/a>\n\t\t\t\t<\/span>\n\t\t\t\t\t\t\t<span class=\"elementor-grid-item\" role=\"listitem\">\n\t\t\t\t\t<a class=\"elementor-icon elementor-social-icon elementor-social-icon- elementor-animation-grow elementor-repeater-item-73c3d76\" href=\"https:\/\/scholar.google.com\/citations?hl=es&#038;user=tqXtjlQAAAAJ\" target=\"_blank\">\n\t\t\t\t\t\t<span class=\"elementor-screen-only\"><\/span>\n\t\t\t\t\t\t<svg xmlns=\"http:\/\/www.w3.org\/2000\/svg\" id=\"Capa_1\" viewBox=\"0 0 500 500\"><path d=\"M383.38,341.79c10.45,15.19,15.52,32.23,15.02,50.41-.26,9.64-1.3,18.57-3.7,27.87-15.68,60.87-82.42,80.15-138.36,79.92-31.2-.13-66.82-6.51-92.15-25.5-14.29-10.72-24.22-25.38-28.25-42.83-2.65-11.52-3.12-22.94-1.38-34.62,9.44-63.52,92.48-77.23,144.99-76.71.13-8.35-3.79-15.87-10.78-20.44-2.78-2.14-4.61-4.78-4.61-8.36l-.02-26.1c-42.68,2.62-86.5-12.55-100.39-56.1-5.63-17.63-6.38-36.1-3.57-54.35.7-3.5,1.43-6.17,2.72-10.36l-158.53-.13L235.5,0l260.13.02-43.21,32.54-.02,86.59c8.52,5.15,14.39,14.11,14.41,24.28l.07,31.28c-.55,15.8-13.22,27.98-28.65,28.14-15.37.16-28.34-11.79-29.19-27.55v-31.86c.33-10.18,5.8-19.13,14.51-24.29l-.1-64.77-58.78,44.07-3.93,1.08c10.55,9.4,15.03,24.52,16.4,38.2,1.22,12.16,1.67,23.99.95,36.15-1.03,17.42-7.6,33.32-18.84,46.51-5.15,6.05-10.69,11.1-16.65,16.28l-14.23,12.37c-8.73,7.59-15.48,19.3-7.88,30.42,3.49,5.1,7.68,9.47,12.49,13.52l25.47,21.49c9.56,8.06,17.71,16.82,24.94,27.33ZM310.64,224.06c6.93-9.43,10.71-19.82,12.4-31.37,3.32-22.67-1.04-45.8-11.8-65.96-4.42-8.29-9.86-15.21-16.45-21.69-18.1-17.8-46.08-24.51-65.96-4.7-6.51,6.49-9.98,14.26-13.03,22.8-3.84,10.75-5.32,21.66-4.87,33.22.89,23.24,9.06,45.56,24.2,63.19,6.98,8.14,15.11,14.49,24.86,18.56,18.34,7.67,38.74,2.15,50.65-14.05ZM321.01,457.18c11.78-6.25,21.57-14.32,29.06-24.97,15.57-22.16,13.46-47.88-4.92-67.53-9.31-9.96-20.86-16.77-33.83-21.22-32.63-11.2-72.95-6.01-101.05,14.19-9.97,7.17-17.98,15.96-23.25,26.92-8.63,17.91-6.38,38.21,5.85,53.86,7.04,9.01,15.92,15.82,26.27,20.92,31.08,15.32,71.09,14.15,101.89-2.18Z\"><\/path><\/svg>\t\t\t\t\t<\/a>\n\t\t\t\t<\/span>\n\t\t\t\t\t\t\t<span class=\"elementor-grid-item\" role=\"listitem\">\n\t\t\t\t\t<a class=\"elementor-icon elementor-social-icon elementor-social-icon-instagram elementor-animation-grow elementor-repeater-item-f9fc29f\" href=\"https:\/\/www.instagram.com\/xavierchiribogamorales\/\" target=\"_blank\">\n\t\t\t\t\t\t<span class=\"elementor-screen-only\">Instagram<\/span>\n\t\t\t\t\t\t<svg aria-hidden=\"true\" class=\"e-font-icon-svg e-fab-instagram\" viewBox=\"0 0 448 512\" xmlns=\"http:\/\/www.w3.org\/2000\/svg\"><path d=\"M224.1 141c-63.6 0-114.9 51.3-114.9 114.9s51.3 114.9 114.9 114.9S339 319.5 339 255.9 287.7 141 224.1 141zm0 189.6c-41.1 0-74.7-33.5-74.7-74.7s33.5-74.7 74.7-74.7 74.7 33.5 74.7 74.7-33.6 74.7-74.7 74.7zm146.4-194.3c0 14.9-12 26.8-26.8 26.8-14.9 0-26.8-12-26.8-26.8s12-26.8 26.8-26.8 26.8 12 26.8 26.8zm76.1 27.2c-1.7-35.9-9.9-67.7-36.2-93.9-26.2-26.2-58-34.4-93.9-36.2-37-2.1-147.9-2.1-184.9 0-35.8 1.7-67.6 9.9-93.9 36.1s-34.4 58-36.2 93.9c-2.1 37-2.1 147.9 0 184.9 1.7 35.9 9.9 67.7 36.2 93.9s58 34.4 93.9 36.2c37 2.1 147.9 2.1 184.9 0 35.9-1.7 67.7-9.9 93.9-36.2 26.2-26.2 34.4-58 36.2-93.9 2.1-37 2.1-147.8 0-184.8zM398.8 388c-7.8 19.6-22.9 34.7-42.6 42.6-29.5 11.7-99.5 9-132.1 9s-102.7 2.6-132.1-9c-19.6-7.8-34.7-22.9-42.6-42.6-11.7-29.5-9-99.5-9-132.1s-2.6-102.7 9-132.1c7.8-19.6 22.9-34.7 42.6-42.6 29.5-11.7 99.5-9 132.1-9s102.7-2.6 132.1 9c19.6 7.8 34.7 22.9 42.6 42.6 11.7 29.5 9 99.5 9 132.1s2.7 102.7-9 132.1z\"><\/path><\/svg>\t\t\t\t\t<\/a>\n\t\t\t\t<\/span>\n\t\t\t\t\t<\/div>\n\t\t\t\t\t\t<\/div>\n\t\t\t\t<\/div>\n\t\t<div class=\"elementor-element elementor-element-424a880 e-con-full e-flex e-con e-child\" data-id=\"424a880\" data-element_type=\"container\" data-e-type=\"container\" data-settings=\"{&quot;background_background&quot;:&quot;classic&quot;,&quot;jet_parallax_layout_list&quot;:[]}\">\n\t\t\t\t<div class=\"elementor-element elementor-element-95a8a9d elementor-widget elementor-widget-heading\" data-id=\"95a8a9d\" data-element_type=\"widget\" data-e-type=\"widget\" data-widget_type=\"heading.default\">\n\t\t\t\t\t<h3 class=\"elementor-heading-title elementor-size-default\">Ll\u00e1mame <\/h3>\t\t\t\t<\/div>\n\t\t\t\t<div class=\"elementor-element elementor-element-a8b700b elementor-widget elementor-widget-heading\" data-id=\"a8b700b\" data-element_type=\"widget\" data-e-type=\"widget\" data-widget_type=\"heading.default\">\n\t\t\t\t\t<h5 class=\"elementor-heading-title elementor-size-default\">+593 98 554 2656<\/h5>\t\t\t\t<\/div>\n\t\t\t\t<\/div>\n\t\t<div class=\"elementor-element elementor-element-ad2fb86 e-con-full e-flex e-con e-child\" data-id=\"ad2fb86\" data-element_type=\"container\" data-e-type=\"container\" data-settings=\"{&quot;background_background&quot;:&quot;classic&quot;,&quot;jet_parallax_layout_list&quot;:[]}\">\n\t\t\t\t<div class=\"elementor-element elementor-element-9fb0c09 elementor-widget elementor-widget-heading\" data-id=\"9fb0c09\" data-element_type=\"widget\" data-e-type=\"widget\" data-widget_type=\"heading.default\">\n\t\t\t\t\t<h3 class=\"elementor-heading-title elementor-size-default\">Dejame un mensaje <\/h3>\t\t\t\t<\/div>\n\t\t\t\t<div class=\"elementor-element elementor-element-c07b203 elementor-button-align-stretch elementor-widget elementor-widget-form\" data-id=\"c07b203\" data-element_type=\"widget\" data-e-type=\"widget\" data-settings=\"{&quot;step_next_label&quot;:&quot;Siguiente&quot;,&quot;step_previous_label&quot;:&quot;Anterior&quot;,&quot;button_width&quot;:&quot;100&quot;,&quot;step_type&quot;:&quot;number_text&quot;,&quot;step_icon_shape&quot;:&quot;circle&quot;}\" data-widget_type=\"form.default\">\n\t\t\t\t\t\t\t<form class=\"elementor-form\" method=\"post\" name=\"Nuevo formulario\" aria-label=\"Nuevo formulario\">\n\t\t\t<input type=\"hidden\" name=\"post_id\" value=\"250\"\/>\n\t\t\t<input type=\"hidden\" name=\"form_id\" value=\"c07b203\"\/>\n\t\t\t<input type=\"hidden\" name=\"referer_title\" value=\"Contacto\" \/>\n\n\t\t\t\t\t\t\t<input type=\"hidden\" name=\"queried_id\" value=\"250\"\/>\n\t\t\t\n\t\t\t<div class=\"elementor-form-fields-wrapper elementor-labels-\">\n\t\t\t\t\t\t\t\t<div class=\"elementor-field-type-text elementor-field-group elementor-column elementor-field-group-name elementor-col-100\">\n\t\t\t\t\t\t\t\t\t\t\t\t<label for=\"form-field-name\" class=\"elementor-field-label elementor-screen-only\">\n\t\t\t\t\t\t\t\tNombre\t\t\t\t\t\t\t<\/label>\n\t\t\t\t\t\t\t\t\t\t\t\t\t\t<input size=\"1\" type=\"text\" name=\"form_fields[name]\" id=\"form-field-name\" class=\"elementor-field elementor-size-sm  elementor-field-textual\" placeholder=\"Nombre\">\n\t\t\t\t\t\t\t\t\t\t\t<\/div>\n\t\t\t\t\t\t\t\t<div class=\"elementor-field-type-email elementor-field-group elementor-column elementor-field-group-email elementor-col-100 elementor-field-required\">\n\t\t\t\t\t\t\t\t\t\t\t\t<label for=\"form-field-email\" class=\"elementor-field-label elementor-screen-only\">\n\t\t\t\t\t\t\t\tCorreo electr\u00f3nico\t\t\t\t\t\t\t<\/label>\n\t\t\t\t\t\t\t\t\t\t\t\t\t\t<input size=\"1\" type=\"email\" name=\"form_fields[email]\" id=\"form-field-email\" class=\"elementor-field elementor-size-sm  elementor-field-textual\" placeholder=\"Correo electr\u00f3nico\" required=\"required\">\n\t\t\t\t\t\t\t\t\t\t\t<\/div>\n\t\t\t\t\t\t\t\t<div class=\"elementor-field-type-textarea elementor-field-group elementor-column elementor-field-group-message elementor-col-100\">\n\t\t\t\t\t\t\t\t\t\t\t\t<label for=\"form-field-message\" class=\"elementor-field-label elementor-screen-only\">\n\t\t\t\t\t\t\t\tMensaje\t\t\t\t\t\t\t<\/label>\n\t\t\t\t\t\t<textarea class=\"elementor-field-textual elementor-field  elementor-size-sm\" name=\"form_fields[message]\" id=\"form-field-message\" rows=\"4\" placeholder=\"Mensaje\"><\/textarea>\t\t\t\t<\/div>\n\t\t\t\t\t\t\t\t<div class=\"elementor-field-group elementor-column elementor-field-type-submit elementor-col-100 e-form__buttons\">\n\t\t\t\t\t<button class=\"elementor-button elementor-size-sm\" type=\"submit\">\n\t\t\t\t\t\t<span class=\"elementor-button-content-wrapper\">\n\t\t\t\t\t\t\t\t\t\t\t\t\t\t\t\t\t\t\t\t\t\t<span class=\"elementor-button-text\">Enviar<\/span>\n\t\t\t\t\t\t\t\t\t\t\t\t\t<\/span>\n\t\t\t\t\t<\/button>\n\t\t\t\t<\/div>\n\t\t\t<\/div>\n\t\t<\/form>\n\t\t\t\t\t\t<\/div>\n\t\t\t\t<\/div>\n\t\t\t\t<\/div>\n\t\t\t\t\t<\/div>\n\t\t\t\t<\/div>\n\t\t\t\t<\/div>\n\t\t","protected":false},"excerpt":{"rendered":"<p>Escr\u00edbeme S\u00edgueme Linkedin Instagram Ll\u00e1mame Dejame un mensaje<\/p>","protected":false},"author":1,"featured_media":0,"parent":0,"menu_order":0,"comment_status":"closed","ping_status":"closed","template":"elementor_header_footer","meta":{"footnotes":""},"class_list":["post-250","page","type-page","status-publish","hentry"],"_hostinger_reach_plugin_has_subscription_block":false,"_hostinger_reach_plugin_is_elementor":false,"_links":{"self":[{"href":"https:\/\/entoecologiainsectos.com\/fr\/wp-json\/wp\/v2\/pages\/250","targetHints":{"allow":["GET"]}}],"collection":[{"href":"https:\/\/entoecologiainsectos.com\/fr\/wp-json\/wp\/v2\/pages"}],"about":[{"href":"https:\/\/entoecologiainsectos.com\/fr\/wp-json\/wp\/v2\/types\/page"}],"author":[{"embeddable":true,"href":"https:\/\/entoecologiainsectos.com\/fr\/wp-json\/wp\/v2\/users\/1"}],"replies":[{"embeddable":true,"href":"https:\/\/entoecologiainsectos.com\/fr\/wp-json\/wp\/v2\/comments?post=250"}],"version-history":[{"count":40,"href":"https:\/\/entoecologiainsectos.com\/fr\/wp-json\/wp\/v2\/pages\/250\/revisions"}],"predecessor-version":[{"id":573,"href":"https:\/\/entoecologiainsectos.com\/fr\/wp-json\/wp\/v2\/pages\/250\/revisions\/573"}],"wp:attachment":[{"href":"https:\/\/entoecologiainsectos.com\/fr\/wp-json\/wp\/v2\/media?parent=250"}],"curies":[{"name":"wp","href":"https:\/\/api.w.org\/{rel}","templated":true}]}}