{"id":248,"date":"2026-01-18T18:08:28","date_gmt":"2026-01-18T18:08:28","guid":{"rendered":"https:\/\/entoecologiainsectos.com\/?page_id=248"},"modified":"2026-02-10T01:29:18","modified_gmt":"2026-02-10T01:29:18","slug":"academia","status":"publish","type":"page","link":"https:\/\/entoecologiainsectos.com\/fr\/academia\/","title":{"rendered":"Acad\u00e9mie"},"content":{"rendered":"<div data-elementor-type=\"wp-page\" data-elementor-id=\"248\" class=\"elementor elementor-248\" data-elementor-post-type=\"page\">\n\t\t\t\t<div class=\"elementor-element elementor-element-46e49ef animated-slow e-flex e-con-boxed elementor-invisible e-con e-parent\" data-id=\"46e49ef\" data-element_type=\"container\" data-e-type=\"container\" data-settings=\"{&quot;jet_parallax_layout_list&quot;:[],&quot;animation&quot;:&quot;fadeIn&quot;}\">\n\t\t\t\t\t<div class=\"e-con-inner\">\n\t\t<div class=\"elementor-element elementor-element-e15990b e-con-full e-flex e-con e-child\" data-id=\"e15990b\" data-element_type=\"container\" data-e-type=\"container\" data-settings=\"{&quot;background_background&quot;:&quot;classic&quot;,&quot;jet_parallax_layout_list&quot;:[]}\">\n\t\t<div class=\"elementor-element elementor-element-05ac4b9 e-con-full e-flex e-con e-child\" data-id=\"05ac4b9\" data-element_type=\"container\" data-e-type=\"container\" data-settings=\"{&quot;jet_parallax_layout_list&quot;:[]}\">\n\t\t\t\t<div class=\"elementor-element elementor-element-1bab547 elementor-widget elementor-widget-heading\" data-id=\"1bab547\" data-element_type=\"widget\" data-e-type=\"widget\" data-widget_type=\"heading.default\">\n\t\t\t\t\t<h1 class=\"elementor-heading-title elementor-size-default\">Acad\u00e9mie<\/h1>\t\t\t\t<\/div>\n\t\t\t\t<\/div>\n\t\t\t\t<\/div>\n\t\t\t\t\t<\/div>\n\t\t\t\t<\/div>\n\t\t<div class=\"elementor-element elementor-element-7f1393c animated-slow e-flex e-con-boxed elementor-invisible e-con e-parent\" data-id=\"7f1393c\" data-element_type=\"container\" data-e-type=\"container\" data-settings=\"{&quot;jet_parallax_layout_list&quot;:[],&quot;animation&quot;:&quot;fadeIn&quot;}\">\n\t\t\t\t\t<div class=\"e-con-inner\">\n\t\t<div class=\"elementor-element elementor-element-34cb5de e-con-full e-flex e-con e-child\" data-id=\"34cb5de\" data-element_type=\"container\" data-e-type=\"container\" data-settings=\"{&quot;background_background&quot;:&quot;classic&quot;,&quot;jet_parallax_layout_list&quot;:[]}\">\n\t\t<div class=\"elementor-element elementor-element-3dcafac e-con-full e-flex e-con e-child\" data-id=\"3dcafac\" data-element_type=\"container\" data-e-type=\"container\" data-settings=\"{&quot;jet_parallax_layout_list&quot;:[]}\">\n\t\t\t\t<div class=\"elementor-element elementor-element-aeb1dbc animated-slow elementor-invisible elementor-widget elementor-widget-image\" data-id=\"aeb1dbc\" data-element_type=\"widget\" data-e-type=\"widget\" data-settings=\"{&quot;_animation&quot;:&quot;fadeInLeft&quot;}\" data-widget_type=\"image.default\">\n\t\t\t\t\t\t\t\t\t\t\t\t\t\t\t<img fetchpriority=\"high\" decoding=\"async\" width=\"600\" height=\"600\" src=\"https:\/\/entoecologiainsectos.com\/wp-content\/uploads\/2026\/01\/xavier-profile-600x600-1.jpg\" class=\"attachment-large size-large wp-image-355\" alt=\"\" srcset=\"https:\/\/entoecologiainsectos.com\/wp-content\/uploads\/2026\/01\/xavier-profile-600x600-1.jpg 600w, https:\/\/entoecologiainsectos.com\/wp-content\/uploads\/2026\/01\/xavier-profile-600x600-1-300x300.jpg 300w, https:\/\/entoecologiainsectos.com\/wp-content\/uploads\/2026\/01\/xavier-profile-600x600-1-150x150.jpg 150w\" sizes=\"(max-width: 600px) 100vw, 600px\" \/>\t\t\t\t\t\t\t\t\t\t\t\t\t\t\t<\/div>\n\t\t\t\t<\/div>\n\t\t<div class=\"elementor-element elementor-element-b643011 e-con-full e-flex e-con e-child\" data-id=\"b643011\" data-element_type=\"container\" data-e-type=\"container\" data-settings=\"{&quot;background_background&quot;:&quot;classic&quot;,&quot;jet_parallax_layout_list&quot;:[]}\">\n\t\t\t\t<div class=\"elementor-element elementor-element-98431af animated-slow elementor-invisible elementor-widget elementor-widget-heading\" data-id=\"98431af\" data-element_type=\"widget\" data-e-type=\"widget\" data-settings=\"{&quot;_animation&quot;:&quot;fadeInLeft&quot;}\" data-widget_type=\"heading.default\">\n\t\t\t\t\t<h3 class=\"elementor-heading-title elementor-size-default\">Xavier Chiriboga Morales, PhD<\/h3>\t\t\t\t<\/div>\n\t\t\t\t<div class=\"elementor-element elementor-element-6060d68 elementor-widget elementor-widget-text-editor\" data-id=\"6060d68\" data-element_type=\"widget\" data-e-type=\"widget\" data-widget_type=\"text-editor.default\">\n\t\t\t\t\t\t\t\t\t<p>J'ai d\u00e9velopp\u00e9 des programmes jusqu'\u00e0 ce jour dans les domaines de l'Entomologie en g\u00e9n\u00e9ral et de l'agriculture, de l'Agro-toxicologie et de Gestion Int\u00e9gr\u00e9e des Insectes Nuisibles.<\/p>\t\t\t\t\t\t\t\t<\/div>\n\t\t\t\t<div class=\"elementor-element elementor-element-f9d90f0 elementor-widget elementor-widget-heading\" data-id=\"f9d90f0\" data-element_type=\"widget\" data-e-type=\"widget\" data-widget_type=\"heading.default\">\n\t\t\t\t\t<h3 class=\"elementor-heading-title elementor-size-default\">Activit\u00e9s Des Professionnels D'Aujourd'Hui <\/h3>\t\t\t\t<\/div>\n\t\t\t\t<div class=\"elementor-element elementor-element-4a04572 elementor-widget elementor-widget-text-editor\" data-id=\"4a04572\" data-element_type=\"widget\" data-e-type=\"widget\" data-widget_type=\"text-editor.default\">\n\t\t\t\t\t\t\t\t\t<ul><li>Professeur \u00c0 L'Universit\u00e9<\/li><li>Associ\u00e9 de recherche au Jardin Botanique Padre de Julio Membre de Gang<\/li><li>Conseils pour la prise de d\u00e9cisions fond\u00e9es sur la science<\/li><\/ul>\t\t\t\t\t\t\t\t<\/div>\n\t\t\t\t<div class=\"elementor-element elementor-element-abad27a elementor-widget elementor-widget-heading\" data-id=\"abad27a\" data-element_type=\"widget\" data-e-type=\"widget\" data-widget_type=\"heading.default\">\n\t\t\t\t\t<h3 class=\"elementor-heading-title elementor-size-default\">Les adh\u00e9sions<\/h3>\t\t\t\t<\/div>\n\t\t\t\t<div class=\"elementor-element elementor-element-d15c670 elementor-widget elementor-widget-text-editor\" data-id=\"d15c670\" data-element_type=\"widget\" data-e-type=\"widget\" data-widget_type=\"text-editor.default\">\n\t\t\t\t\t\t\t\t\t<ul><li>La Soci\u00e9t\u00e9 Entomologique \u00c9quatorien<\/li><li><strong><a href=\"https:\/\/globalyoungacademy.net\/fxchiribogamorales\/\">Global Young Academy<\/a><\/strong><\/li><\/ul>\t\t\t\t\t\t\t\t<\/div>\n\t\t\t\t<div class=\"elementor-element elementor-element-543e95a elementor-align-left elementor-widget elementor-widget-button\" data-id=\"543e95a\" data-element_type=\"widget\" data-e-type=\"widget\" data-widget_type=\"button.default\">\n\t\t\t\t\t\t\t\t\t\t<a class=\"elementor-button elementor-button-link elementor-size-sm\" href=\"https:\/\/entoecologiainsectos.com\/wp-content\/uploads\/2026\/02\/Xavier-Chiriboga-Morales-CV.pdf\" target=\"_blank\">\n\t\t\t\t\t\t<span class=\"elementor-button-content-wrapper\">\n\t\t\t\t\t\t<span class=\"elementor-button-icon\">\n\t\t\t\t<svg aria-hidden=\"true\" class=\"e-font-icon-svg e-fas-file-download\" viewbox=\"0 0 384 512\" xmlns=\"http:\/\/www.w3.org\/2000\/svg\"><path d=\"M224 136V0H24C10.7 0 0 10.7 0 24v464c0 13.3 10.7 24 24 24h336c13.3 0 24-10.7 24-24V160H248c-13.2 0-24-10.8-24-24zm76.45 211.36l-96.42 95.7c-6.65 6.61-17.39 6.61-24.04 0l-96.42-95.7C73.42 337.29 80.54 320 94.82 320H160v-80c0-8.84 7.16-16 16-16h32c8.84 0 16 7.16 16 16v80h65.18c14.28 0 21.4 17.29 11.27 27.36zM377 105L279.1 7c-4.5-4.5-10.6-7-17-7H256v128h128v-6.1c0-6.3-2.5-12.4-7-16.9z\"><\/path><\/svg>\t\t\t<\/span>\n\t\t\t\t\t\t\t\t\t<span class=\"elementor-button-text\">CV <\/span>\n\t\t\t\t\t<\/span>\n\t\t\t\t\t<\/a>\n\t\t\t\t\t\t\t\t<\/div>\n\t\t\t\t<\/div>\n\t\t\t\t<\/div>\n\t\t\t\t\t<\/div>\n\t\t\t\t<\/div>\n\t\t\t\t<\/div>","protected":false},"excerpt":{"rendered":"<p>Xavier Chiriboga Morales, PhD He desarrollado planes de estudio actualizados en las \u00e1reas de Entomolog\u00eda (general y agr\u00edcola), Agro-toxicolog\u00eda y Manejo Integrado de Insectos Plaga. Actividades Profesionales Actuales Docente Universitario Investigador Asociado Jard\u00edn Bot\u00e1nico Padre Julio Marero Consejer\u00eda para toma de decisiones basadas en ciencia Membres\u00edas Sociedad Entomol\u00f3gica Ecuatoriana Global Young Academy CV<\/p>","protected":false},"author":1,"featured_media":0,"parent":0,"menu_order":0,"comment_status":"closed","ping_status":"closed","template":"elementor_header_footer","meta":{"footnotes":""},"class_list":["post-248","page","type-page","status-publish","hentry"],"_hostinger_reach_plugin_has_subscription_block":false,"_hostinger_reach_plugin_is_elementor":false,"_links":{"self":[{"href":"https:\/\/entoecologiainsectos.com\/fr\/wp-json\/wp\/v2\/pages\/248","targetHints":{"allow":["GET"]}}],"collection":[{"href":"https:\/\/entoecologiainsectos.com\/fr\/wp-json\/wp\/v2\/pages"}],"about":[{"href":"https:\/\/entoecologiainsectos.com\/fr\/wp-json\/wp\/v2\/types\/page"}],"author":[{"embeddable":true,"href":"https:\/\/entoecologiainsectos.com\/fr\/wp-json\/wp\/v2\/users\/1"}],"replies":[{"embeddable":true,"href":"https:\/\/entoecologiainsectos.com\/fr\/wp-json\/wp\/v2\/comments?post=248"}],"version-history":[{"count":76,"href":"https:\/\/entoecologiainsectos.com\/fr\/wp-json\/wp\/v2\/pages\/248\/revisions"}],"predecessor-version":[{"id":590,"href":"https:\/\/entoecologiainsectos.com\/fr\/wp-json\/wp\/v2\/pages\/248\/revisions\/590"}],"wp:attachment":[{"href":"https:\/\/entoecologiainsectos.com\/fr\/wp-json\/wp\/v2\/media?parent=248"}],"curies":[{"name":"wp","href":"https:\/\/api.w.org\/{rel}","templated":true}]}}