{"id":11,"date":"2026-01-13T03:46:30","date_gmt":"2026-01-13T03:46:30","guid":{"rendered":"https:\/\/entoecologiainsectos.com\/?page_id=11"},"modified":"2026-02-08T01:32:33","modified_gmt":"2026-02-08T01:32:33","slug":"home","status":"publish","type":"page","link":"https:\/\/entoecologiainsectos.com\/fr\/","title":{"rendered":"La maison"},"content":{"rendered":"<div data-elementor-type=\"wp-page\" data-elementor-id=\"11\" class=\"elementor elementor-11\" data-elementor-post-type=\"page\">\n\t\t\t\t<div class=\"elementor-element elementor-element-8afc1b0 animated-slow e-flex e-con-boxed elementor-invisible e-con e-parent\" data-id=\"8afc1b0\" data-element_type=\"container\" data-e-type=\"container\" data-settings=\"{&quot;jet_parallax_layout_list&quot;:[],&quot;animation&quot;:&quot;fadeIn&quot;,&quot;background_background&quot;:&quot;classic&quot;}\">\n\t\t\t\t\t<div class=\"e-con-inner\">\n\t\t<div class=\"elementor-element elementor-element-17e5222 e-con-full e-flex e-con e-child\" data-id=\"17e5222\" data-element_type=\"container\" data-e-type=\"container\" data-settings=\"{&quot;jet_parallax_layout_list&quot;:[],&quot;background_background&quot;:&quot;classic&quot;}\">\n\t\t\t\t<div class=\"elementor-element elementor-element-4e9a0e1 elementor-widget elementor-widget-image\" data-id=\"4e9a0e1\" data-element_type=\"widget\" data-e-type=\"widget\" data-widget_type=\"image.default\">\n\t\t\t\t\t\t\t\t\t\t\t\t\t\t\t<img fetchpriority=\"high\" decoding=\"async\" width=\"800\" height=\"291\" src=\"https:\/\/entoecologiainsectos.com\/wp-content\/uploads\/2026\/01\/morpho2-1024x373.gif\" class=\"attachment-large size-large wp-image-367\" alt=\"\" srcset=\"https:\/\/entoecologiainsectos.com\/wp-content\/uploads\/2026\/01\/morpho2-1024x373.gif 1024w, https:\/\/entoecologiainsectos.com\/wp-content\/uploads\/2026\/01\/morpho2-300x109.gif 300w, https:\/\/entoecologiainsectos.com\/wp-content\/uploads\/2026\/01\/morpho2-768x280.gif 768w, https:\/\/entoecologiainsectos.com\/wp-content\/uploads\/2026\/01\/morpho2-1536x560.gif 1536w\" sizes=\"(max-width: 800px) 100vw, 800px\" \/>\t\t\t\t\t\t\t\t\t\t\t\t\t\t\t<\/div>\n\t\t\t\t<div class=\"elementor-element elementor-element-22343e7 elementor-widget elementor-widget-heading\" data-id=\"22343e7\" data-element_type=\"widget\" data-e-type=\"widget\" data-widget_type=\"heading.default\">\n\t\t\t\t\t<h3 class=\"elementor-heading-title elementor-size-default\">Bienvenue \u00e0 l'\u00c9cologie des Insectes! <\/h3>\t\t\t\t<\/div>\n\t\t\t\t<div class=\"elementor-element elementor-element-4479637 elementor-widget elementor-widget-text-editor\" data-id=\"4479637\" data-element_type=\"widget\" data-e-type=\"widget\" data-widget_type=\"text-editor.default\">\n\t\t\t\t\t\t\t\t\t<p>Notre recherche se concentre sur l'\u00e9cologie des plantes, des insectes herbivores et de leurs ennemis naturels. D'une part, nous avons \u00e9tudi\u00e9 les ennemis naturels des insectes et de leur utilisation potentielle comme biologique contr\u00f4leurs. D'autre part, nos m\u00e9thodes exp\u00e9rimentales nous permettent de savoir comment certaines plantes \u00e0 r\u00e9sister ou \u00e0 tol\u00e9rer les attaques d'insectes et comment nous pouvons utiliser la biodiversit\u00e9 dans les syst\u00e8mes d'agriculture durable.<\/p>\t\t\t\t\t\t\t\t<\/div>\n\t\t\t\t<div class=\"elementor-element elementor-element-87a5b81 elementor-widget elementor-widget-image\" data-id=\"87a5b81\" data-element_type=\"widget\" data-e-type=\"widget\" data-widget_type=\"image.default\">\n\t\t\t\t\t\t\t\t\t\t\t\t\t\t\t<img decoding=\"async\" width=\"800\" height=\"291\" src=\"https:\/\/entoecologiainsectos.com\/wp-content\/uploads\/2026\/01\/CONTACTO-1024x373.gif\" class=\"attachment-large size-large wp-image-341\" alt=\"\" srcset=\"https:\/\/entoecologiainsectos.com\/wp-content\/uploads\/2026\/01\/CONTACTO-1024x373.gif 1024w, https:\/\/entoecologiainsectos.com\/wp-content\/uploads\/2026\/01\/CONTACTO-300x109.gif 300w, https:\/\/entoecologiainsectos.com\/wp-content\/uploads\/2026\/01\/CONTACTO-768x280.gif 768w, https:\/\/entoecologiainsectos.com\/wp-content\/uploads\/2026\/01\/CONTACTO-1536x560.gif 1536w\" sizes=\"(max-width: 800px) 100vw, 800px\" \/>\t\t\t\t\t\t\t\t\t\t\t\t\t\t\t<\/div>\n\t\t\t\t<div class=\"elementor-element elementor-element-9d20ac6 elementor-widget elementor-widget-text-editor\" data-id=\"9d20ac6\" data-element_type=\"widget\" data-e-type=\"widget\" data-widget_type=\"text-editor.default\">\n\t\t\t\t\t\t\t\t\t<p>Je suis int\u00e9ress\u00e9 dans les enqu\u00eates sur les interactions entre les plantes et les insectes, en particulier des insectes, et les relations avec leurs ennemis naturels. J'ai \u00e9tudi\u00e9 les interactions tri-trophiques avec les plantes cultiv\u00e9es de la zone temp\u00e9r\u00e9e et la zone tropicale; avec les insectes de la partie a\u00e9rienne de la plante, les insectes de la racine dans le sol, les parasito\u00efdes, hyper-les parasito\u00efdes et les n\u00e9matodes entomopathog\u00e8nes. Certains de mes \u00e9tudes portent sur des interactions m\u00e9di\u00e9es par des compos\u00e9s organiques volatils. Les m\u00e9thodes utilis\u00e9es incluent des m\u00e9thodes de l'\u00e9cologie et de l'\u00e9cologie chimique classique, en laboratoire et sur le terrain. Mes travaux de recherche visant \u00e0 comprendre les questions fondamentales de l'\u00e9cologie de la plante-insecte-ennemi naturel, avec le but de l'utilisation de ces connaissances dans des applications potentielles pour la gestion durable des insectes nuisibles et de l'Agro-\u00e9cologie. J'ai un go\u00fbt particulier pour les pollinisateurs, en particulier ceux sans piq\u00fbre. Travail pour accro\u00eetre les connaissances de l'\u00e9cologie des insectes gr\u00e2ce \u00e0 la coop\u00e9ration internationale; en outre, l'am\u00e9lioration des syst\u00e8mes de la science, de la technologie et de l'innovation font partie de mes pens\u00e9es. Comment voulez-vous savoir plus de mon exp\u00e9rience? <a href=\"https:\/\/entoecologiainsectos.com\/fr\/academia\/\"><strong>Acad\u00e9mie<\/strong><\/a><\/p>\t\t\t\t\t\t\t\t<\/div>\n\t\t\t\t<\/div>\n\t\t\t\t\t<\/div>\n\t\t\t\t<\/div>\n\t\t\t\t<\/div>","protected":false},"excerpt":{"rendered":"<p>\u00a1Bienvenidos a Ecolog\u00eda de Insectos! Nuestra investigaci\u00f3n se centra en la ecolog\u00eda de plantas, insectos herb\u00edvoros y sus enemigos naturales. Por un lado, estudiamos enemigos naturales de insectos y su uso potencial como controladores biol\u00f3gicos. Por otro lado, nuestros m\u00e9todos experimentales nos permiten conocer c\u00f3mo ciertas plantas resisten o toleran el ataque de insectos y [&hellip;]<\/p>\n","protected":false},"author":1,"featured_media":0,"parent":0,"menu_order":0,"comment_status":"closed","ping_status":"closed","template":"elementor_header_footer","meta":{"footnotes":""},"class_list":["post-11","page","type-page","status-publish","hentry"],"_hostinger_reach_plugin_has_subscription_block":false,"_hostinger_reach_plugin_is_elementor":false,"_links":{"self":[{"href":"https:\/\/entoecologiainsectos.com\/fr\/wp-json\/wp\/v2\/pages\/11","targetHints":{"allow":["GET"]}}],"collection":[{"href":"https:\/\/entoecologiainsectos.com\/fr\/wp-json\/wp\/v2\/pages"}],"about":[{"href":"https:\/\/entoecologiainsectos.com\/fr\/wp-json\/wp\/v2\/types\/page"}],"author":[{"embeddable":true,"href":"https:\/\/entoecologiainsectos.com\/fr\/wp-json\/wp\/v2\/users\/1"}],"replies":[{"embeddable":true,"href":"https:\/\/entoecologiainsectos.com\/fr\/wp-json\/wp\/v2\/comments?post=11"}],"version-history":[{"count":82,"href":"https:\/\/entoecologiainsectos.com\/fr\/wp-json\/wp\/v2\/pages\/11\/revisions"}],"predecessor-version":[{"id":540,"href":"https:\/\/entoecologiainsectos.com\/fr\/wp-json\/wp\/v2\/pages\/11\/revisions\/540"}],"wp:attachment":[{"href":"https:\/\/entoecologiainsectos.com\/fr\/wp-json\/wp\/v2\/media?parent=11"}],"curies":[{"name":"wp","href":"https:\/\/api.w.org\/{rel}","templated":true}]}}