{"id":267,"date":"2026-01-20T02:14:18","date_gmt":"2026-01-20T02:14:18","guid":{"rendered":"https:\/\/entoecologiainsectos.com\/?page_id=267"},"modified":"2026-02-08T01:53:56","modified_gmt":"2026-02-08T01:53:56","slug":"investigacion","status":"publish","type":"page","link":"https:\/\/entoecologiainsectos.com\/en\/investigacion\/","title":{"rendered":"Investigation"},"content":{"rendered":"<div data-elementor-type=\"wp-page\" data-elementor-id=\"267\" class=\"elementor elementor-267\" data-elementor-post-type=\"page\">\n\t\t\t\t<div class=\"elementor-element elementor-element-175453b animated-slow e-flex e-con-boxed elementor-invisible e-con e-parent\" data-id=\"175453b\" data-element_type=\"container\" data-e-type=\"container\" data-settings=\"{&quot;jet_parallax_layout_list&quot;:[],&quot;animation&quot;:&quot;fadeIn&quot;}\">\n\t\t\t\t\t<div class=\"e-con-inner\">\n\t\t<div class=\"elementor-element elementor-element-8aa53a3 e-con-full e-flex e-con e-child\" data-id=\"8aa53a3\" data-element_type=\"container\" data-e-type=\"container\" data-settings=\"{&quot;background_background&quot;:&quot;classic&quot;,&quot;jet_parallax_layout_list&quot;:[]}\">\n\t\t<div class=\"elementor-element elementor-element-081f24a e-con-full e-flex e-con e-child\" data-id=\"081f24a\" data-element_type=\"container\" data-e-type=\"container\" data-settings=\"{&quot;jet_parallax_layout_list&quot;:[]}\">\n\t\t\t\t<div class=\"elementor-element elementor-element-56f3984 elementor-widget elementor-widget-heading\" data-id=\"56f3984\" data-element_type=\"widget\" data-e-type=\"widget\" data-widget_type=\"heading.default\">\n\t\t\t\t\t<h1 class=\"elementor-heading-title elementor-size-default\">Investigation<\/h1>\t\t\t\t<\/div>\n\t\t\t\t<\/div>\n\t\t\t\t<\/div>\n\t\t\t\t\t<\/div>\n\t\t\t\t<\/div>\n\t\t<div class=\"elementor-element elementor-element-e2a3225 animated-slow e-flex e-con-boxed elementor-invisible e-con e-parent\" data-id=\"e2a3225\" data-element_type=\"container\" data-e-type=\"container\" data-settings=\"{&quot;jet_parallax_layout_list&quot;:[],&quot;animation&quot;:&quot;fadeIn&quot;}\">\n\t\t\t\t\t<div class=\"e-con-inner\">\n\t\t<div class=\"elementor-element elementor-element-a59467a e-con-full e-flex e-con e-child\" data-id=\"a59467a\" data-element_type=\"container\" data-e-type=\"container\" data-settings=\"{&quot;background_background&quot;:&quot;classic&quot;,&quot;jet_parallax_layout_list&quot;:[]}\">\n\t\t\t\t<div class=\"elementor-element elementor-element-0c5188e elementor-widget elementor-widget-heading\" data-id=\"0c5188e\" data-element_type=\"widget\" data-e-type=\"widget\" data-widget_type=\"heading.default\">\n\t\t\t\t\t<h3 class=\"elementor-heading-title elementor-size-default\">Projects<\/h3>\t\t\t\t<\/div>\n\t\t\t\t<div class=\"elementor-element elementor-element-2035cde elementor-widget elementor-widget-text-editor\" data-id=\"2035cde\" data-element_type=\"widget\" data-e-type=\"widget\" data-widget_type=\"text-editor.default\">\n\t\t\t\t\t\t\t\t\t<ul><li>Evaluation of agro-morphological 9 lines of bean pallar (<em>Phaseolus lunatus<\/em>in the Field of Teaching Experimental Tola, Tumbaco, Quito, Ecuador.<\/li><li>Study of biodiversity of plants, fungi and fauna of the Botanical Garden Padre Julio gang member.<\/li><\/ul>\t\t\t\t\t\t\t\t<\/div>\n\t\t\t\t<div class=\"elementor-element elementor-element-248c062 elementor-widget elementor-widget-heading\" data-id=\"248c062\" data-element_type=\"widget\" data-e-type=\"widget\" data-widget_type=\"heading.default\">\n\t\t\t\t\t<h3 class=\"elementor-heading-title elementor-size-default\">Opportunities<\/h3>\t\t\t\t<\/div>\n\t\t\t\t<div class=\"elementor-element elementor-element-e6ee420 elementor-widget elementor-widget-text-editor\" data-id=\"e6ee420\" data-element_type=\"widget\" data-e-type=\"widget\" data-widget_type=\"text-editor.default\">\n\t\t\t\t\t\t\t\t\t<p>Contact me to make hours, practices, internships, degree works and research in Entomology and Ecology of plant\u2013insect\u2013natural enemy, with a scientific and applied approach.<\/p>\t\t\t\t\t\t\t\t<\/div>\n\t\t\t\t<\/div>\n\t\t\t\t\t<\/div>\n\t\t\t\t<\/div>\n\t\t\t\t<\/div>","protected":false},"excerpt":{"rendered":"<p>Proyectos Evaluaci\u00f3n agro-morfol\u00f3gica de 9 l\u00edneas de fr\u00e9jol pallar (Phaseolus lunatus) en el Campo Docente Experimental La Tola, Tumbaco, Quito, Ecuador. Estudio de la biodiversidad de plantas, hongos y fauna del Jard\u00edn Bot\u00e1nico Padre Julio Marero. Oportunidades Cont\u00e1ctame para realizar horas pr\u00e1cticas, pasant\u00edas, trabajos de titulaci\u00f3n e investigaciones en Entomolog\u00eda y Ecolog\u00eda planta\u2013insecto\u2013enemigo natural, con [&hellip;]<\/p>\n","protected":false},"author":1,"featured_media":0,"parent":0,"menu_order":0,"comment_status":"closed","ping_status":"closed","template":"elementor_header_footer","meta":{"footnotes":""},"class_list":["post-267","page","type-page","status-publish","hentry"],"_hostinger_reach_plugin_has_subscription_block":false,"_hostinger_reach_plugin_is_elementor":false,"_links":{"self":[{"href":"https:\/\/entoecologiainsectos.com\/en\/wp-json\/wp\/v2\/pages\/267","targetHints":{"allow":["GET"]}}],"collection":[{"href":"https:\/\/entoecologiainsectos.com\/en\/wp-json\/wp\/v2\/pages"}],"about":[{"href":"https:\/\/entoecologiainsectos.com\/en\/wp-json\/wp\/v2\/types\/page"}],"author":[{"embeddable":true,"href":"https:\/\/entoecologiainsectos.com\/en\/wp-json\/wp\/v2\/users\/1"}],"replies":[{"embeddable":true,"href":"https:\/\/entoecologiainsectos.com\/en\/wp-json\/wp\/v2\/comments?post=267"}],"version-history":[{"count":13,"href":"https:\/\/entoecologiainsectos.com\/en\/wp-json\/wp\/v2\/pages\/267\/revisions"}],"predecessor-version":[{"id":552,"href":"https:\/\/entoecologiainsectos.com\/en\/wp-json\/wp\/v2\/pages\/267\/revisions\/552"}],"wp:attachment":[{"href":"https:\/\/entoecologiainsectos.com\/en\/wp-json\/wp\/v2\/media?parent=267"}],"curies":[{"name":"wp","href":"https:\/\/api.w.org\/{rel}","templated":true}]}}