{"id":11,"date":"2026-01-13T03:46:30","date_gmt":"2026-01-13T03:46:30","guid":{"rendered":"https:\/\/entoecologiainsectos.com\/?page_id=11"},"modified":"2026-02-08T01:32:33","modified_gmt":"2026-02-08T01:32:33","slug":"home","status":"publish","type":"page","link":"https:\/\/entoecologiainsectos.com\/en\/","title":{"rendered":"Home"},"content":{"rendered":"<div data-elementor-type=\"wp-page\" data-elementor-id=\"11\" class=\"elementor elementor-11\" data-elementor-post-type=\"page\">\n\t\t\t\t<div class=\"elementor-element elementor-element-8afc1b0 animated-slow e-flex e-con-boxed elementor-invisible e-con e-parent\" data-id=\"8afc1b0\" data-element_type=\"container\" data-e-type=\"container\" data-settings=\"{&quot;jet_parallax_layout_list&quot;:[],&quot;animation&quot;:&quot;fadeIn&quot;,&quot;background_background&quot;:&quot;classic&quot;}\">\n\t\t\t\t\t<div class=\"e-con-inner\">\n\t\t<div class=\"elementor-element elementor-element-17e5222 e-con-full e-flex e-con e-child\" data-id=\"17e5222\" data-element_type=\"container\" data-e-type=\"container\" data-settings=\"{&quot;jet_parallax_layout_list&quot;:[],&quot;background_background&quot;:&quot;classic&quot;}\">\n\t\t\t\t<div class=\"elementor-element elementor-element-4e9a0e1 elementor-widget elementor-widget-image\" data-id=\"4e9a0e1\" data-element_type=\"widget\" data-e-type=\"widget\" data-widget_type=\"image.default\">\n\t\t\t\t\t\t\t\t\t\t\t\t\t\t\t<img fetchpriority=\"high\" decoding=\"async\" width=\"800\" height=\"291\" src=\"https:\/\/entoecologiainsectos.com\/wp-content\/uploads\/2026\/01\/morpho2-1024x373.gif\" class=\"attachment-large size-large wp-image-367\" alt=\"\" srcset=\"https:\/\/entoecologiainsectos.com\/wp-content\/uploads\/2026\/01\/morpho2-1024x373.gif 1024w, https:\/\/entoecologiainsectos.com\/wp-content\/uploads\/2026\/01\/morpho2-300x109.gif 300w, https:\/\/entoecologiainsectos.com\/wp-content\/uploads\/2026\/01\/morpho2-768x280.gif 768w, https:\/\/entoecologiainsectos.com\/wp-content\/uploads\/2026\/01\/morpho2-1536x560.gif 1536w\" sizes=\"(max-width: 800px) 100vw, 800px\" \/>\t\t\t\t\t\t\t\t\t\t\t\t\t\t\t<\/div>\n\t\t\t\t<div class=\"elementor-element elementor-element-22343e7 elementor-widget elementor-widget-heading\" data-id=\"22343e7\" data-element_type=\"widget\" data-e-type=\"widget\" data-widget_type=\"heading.default\">\n\t\t\t\t\t<h3 class=\"elementor-heading-title elementor-size-default\">Welcome to the Ecology of Insects! <\/h3>\t\t\t\t<\/div>\n\t\t\t\t<div class=\"elementor-element elementor-element-4479637 elementor-widget elementor-widget-text-editor\" data-id=\"4479637\" data-element_type=\"widget\" data-e-type=\"widget\" data-widget_type=\"text-editor.default\">\n\t\t\t\t\t\t\t\t\t<p>Our research focuses on the ecology of plants, insect herbivores and their natural enemies. On the one hand, we studied natural enemies of insects and their potential use as biological controllers. On the other hand, our experimental methods allow us to know how certain plants to resist or tolerate insect attack and how we may use biodiversity in farming systems sustainable.<\/p>\t\t\t\t\t\t\t\t<\/div>\n\t\t\t\t<div class=\"elementor-element elementor-element-87a5b81 elementor-widget elementor-widget-image\" data-id=\"87a5b81\" data-element_type=\"widget\" data-e-type=\"widget\" data-widget_type=\"image.default\">\n\t\t\t\t\t\t\t\t\t\t\t\t\t\t\t<img decoding=\"async\" width=\"800\" height=\"291\" src=\"https:\/\/entoecologiainsectos.com\/wp-content\/uploads\/2026\/01\/CONTACTO-1024x373.gif\" class=\"attachment-large size-large wp-image-341\" alt=\"\" srcset=\"https:\/\/entoecologiainsectos.com\/wp-content\/uploads\/2026\/01\/CONTACTO-1024x373.gif 1024w, https:\/\/entoecologiainsectos.com\/wp-content\/uploads\/2026\/01\/CONTACTO-300x109.gif 300w, https:\/\/entoecologiainsectos.com\/wp-content\/uploads\/2026\/01\/CONTACTO-768x280.gif 768w, https:\/\/entoecologiainsectos.com\/wp-content\/uploads\/2026\/01\/CONTACTO-1536x560.gif 1536w\" sizes=\"(max-width: 800px) 100vw, 800px\" \/>\t\t\t\t\t\t\t\t\t\t\t\t\t\t\t<\/div>\n\t\t\t\t<div class=\"elementor-element elementor-element-9d20ac6 elementor-widget elementor-widget-text-editor\" data-id=\"9d20ac6\" data-element_type=\"widget\" data-e-type=\"widget\" data-widget_type=\"text-editor.default\">\n\t\t\t\t\t\t\t\t\t<p>I am interested in investigating the interactions between plants and insects, especially pest insects, and relationships with their natural enemies. I have studied interactions tri-trophic with cultivated plants of temperate-zone and tropical zone; with insects of the aerial part of the plant, insects root in the soil, parasitoids, hyper-parasitoids and nematodes entomopathogenic. Some of my studies deal of interactions mediated by volatile organic chemicals. The methodologies used include methods of ecology and chemical ecology classical, in the laboratory and in the field. My research seeking to understand the basic issues of the ecology of plant-insect-natural enemy with the aim of using this knowledge in potential applications for the sustainable management of pest insects and Agro-ecology. I have a particular taste for pollinators, especially those without a sting. Work to expand the knowledge of the ecology of insects through international cooperation; in addition, the improvement of the systems of science, technology and innovation are part of my thoughts. How would you know more of my experience? <a href=\"https:\/\/entoecologiainsectos.com\/en\/academia\/\"><strong>Academy<\/strong><\/a><\/p>\t\t\t\t\t\t\t\t<\/div>\n\t\t\t\t<\/div>\n\t\t\t\t\t<\/div>\n\t\t\t\t<\/div>\n\t\t\t\t<\/div>","protected":false},"excerpt":{"rendered":"<p>\u00a1Bienvenidos a Ecolog\u00eda de Insectos! Nuestra investigaci\u00f3n se centra en la ecolog\u00eda de plantas, insectos herb\u00edvoros y sus enemigos naturales. Por un lado, estudiamos enemigos naturales de insectos y su uso potencial como controladores biol\u00f3gicos. Por otro lado, nuestros m\u00e9todos experimentales nos permiten conocer c\u00f3mo ciertas plantas resisten o toleran el ataque de insectos y [&hellip;]<\/p>\n","protected":false},"author":1,"featured_media":0,"parent":0,"menu_order":0,"comment_status":"closed","ping_status":"closed","template":"elementor_header_footer","meta":{"footnotes":""},"class_list":["post-11","page","type-page","status-publish","hentry"],"_hostinger_reach_plugin_has_subscription_block":false,"_hostinger_reach_plugin_is_elementor":false,"_links":{"self":[{"href":"https:\/\/entoecologiainsectos.com\/en\/wp-json\/wp\/v2\/pages\/11","targetHints":{"allow":["GET"]}}],"collection":[{"href":"https:\/\/entoecologiainsectos.com\/en\/wp-json\/wp\/v2\/pages"}],"about":[{"href":"https:\/\/entoecologiainsectos.com\/en\/wp-json\/wp\/v2\/types\/page"}],"author":[{"embeddable":true,"href":"https:\/\/entoecologiainsectos.com\/en\/wp-json\/wp\/v2\/users\/1"}],"replies":[{"embeddable":true,"href":"https:\/\/entoecologiainsectos.com\/en\/wp-json\/wp\/v2\/comments?post=11"}],"version-history":[{"count":82,"href":"https:\/\/entoecologiainsectos.com\/en\/wp-json\/wp\/v2\/pages\/11\/revisions"}],"predecessor-version":[{"id":540,"href":"https:\/\/entoecologiainsectos.com\/en\/wp-json\/wp\/v2\/pages\/11\/revisions\/540"}],"wp:attachment":[{"href":"https:\/\/entoecologiainsectos.com\/en\/wp-json\/wp\/v2\/media?parent=11"}],"curies":[{"name":"wp","href":"https:\/\/api.w.org\/{rel}","templated":true}]}}